{"id":14114,"date":"2022-07-07T19:04:38","date_gmt":"2022-07-07T11:04:38","guid":{"rendered":"https:\/\/yiomau-mechanical.com\/?page_id=14114"},"modified":"2022-08-23T13:15:31","modified_gmt":"2022-08-23T05:15:31","slug":"modernization-2","status":"publish","type":"page","link":"https:\/\/yiomau-mechanical.com\/vn\/services\/modernization\/","title":{"rendered":"C\u1ea3i t\u1ea1o, n\u00e2ng c\u1ea5p"},"content":{"rendered":"<div data-elementor-type=\"wp-page\" data-elementor-id=\"14114\" class=\"elementor elementor-14114\" data-elementor-settings=\"{&quot;ha_cmc_init_switcher&quot;:&quot;no&quot;}\" data-elementor-post-type=\"page\">\n\t\t\t\t\t\t<section data-particle_enable=\"false\" data-particle-mobile-disabled=\"false\" class=\"elementor-section elementor-top-section elementor-element elementor-element-5d49bea elementor-section-boxed elementor-section-height-default elementor-section-height-default\" data-id=\"5d49bea\" data-element_type=\"section\" data-settings=\"{&quot;_ha_eqh_enable&quot;:false,&quot;ekit_has_onepagescroll_dot&quot;:&quot;yes&quot;}\">\n\t\t\t\t\t\t<div class=\"elementor-container elementor-column-gap-default\">\n\t\t\t\t\t<div class=\"elementor-column elementor-col-100 elementor-top-column elementor-element elementor-element-6a73694\" data-id=\"6a73694\" data-element_type=\"column\">\n\t\t\t<div class=\"elementor-widget-wrap elementor-element-populated\">\n\t\t\t\t\t\t<div class=\"elementor-element elementor-element-81787ef elementor-widget elementor-widget-ha-breadcrumbs happy-addon ha-breadcrumbs happy-addon-pro\" data-id=\"81787ef\" data-element_type=\"widget\" data-settings=\"{&quot;ekit_we_effect_on&quot;:&quot;none&quot;}\" data-widget_type=\"ha-breadcrumbs.default\">\n\t\t\t\t<div class=\"elementor-widget-container\">\n\t\t\t\t\t<ul class=\"ha-breadcrumbs\"><li class=\"ha-breadcrumbs-item ha-breadcrumbs-start\"><a href=\"https:\/\/yiomau-mechanical.com\/vn\/\" rel=\"home\"><span class=\"ha-breadcrumbs-text\"><span class=\"ha-breadcrumbs-home-icon\"><span class=\"fas fa-home\" aria-hidden=\"true\"><\/span><\/span>Nh\u00e0<\/span><\/a><\/li><\/ul>\t\t\t\t<\/div>\n\t\t\t\t<\/div>\n\t\t\t\t\t<\/div>\n\t\t<\/div>\n\t\t\t\t\t<\/div>\n\t\t<\/section>\n\t\t\t\t<section data-particle_enable=\"false\" data-particle-mobile-disabled=\"false\" class=\"elementor-section elementor-top-section elementor-element elementor-element-d180bfa elementor-section-content-middle elementor-reverse-mobile elementor-section-boxed elementor-section-height-default elementor-section-height-default\" data-id=\"d180bfa\" data-element_type=\"section\" data-settings=\"{&quot;background_background&quot;:&quot;classic&quot;,&quot;animation&quot;:&quot;none&quot;,&quot;_ha_eqh_enable&quot;:false,&quot;ekit_has_onepagescroll_dot&quot;:&quot;yes&quot;}\">\n\t\t\t\t\t\t<div class=\"elementor-container elementor-column-gap-default\">\n\t\t\t\t\t<div class=\"elementor-column elementor-col-50 elementor-top-column elementor-element elementor-element-01f40d1\" data-id=\"01f40d1\" data-element_type=\"column\">\n\t\t\t<div class=\"elementor-widget-wrap elementor-element-populated\">\n\t\t\t\t\t\t<div class=\"elementor-element elementor-element-86821d5 elementor-widget elementor-widget-spacer\" data-id=\"86821d5\" data-element_type=\"widget\" data-settings=\"{&quot;ekit_we_effect_on&quot;:&quot;none&quot;}\" data-widget_type=\"spacer.default\">\n\t\t\t\t<div class=\"elementor-widget-container\">\n\t\t\t\t\t\t\t<div class=\"elementor-spacer\">\n\t\t\t<div class=\"elementor-spacer-inner\"><\/div>\n\t\t<\/div>\n\t\t\t\t\t\t<\/div>\n\t\t\t\t<\/div>\n\t\t\t\t<div class=\"elementor-element elementor-element-7af4497 elementor-widget elementor-widget-image\" data-id=\"7af4497\" data-element_type=\"widget\" data-settings=\"{&quot;ekit_we_effect_on&quot;:&quot;none&quot;}\" data-widget_type=\"image.default\">\n\t\t\t\t<div class=\"elementor-widget-container\">\n\t\t\t\t\t\t\t\t\t\t\t\t\t\t\t<img fetchpriority=\"high\" decoding=\"async\" width=\"631\" height=\"472\" src=\"https:\/\/yiomau-mechanical.com\/wp-content\/uploads\/2022\/02\/Modernization.png\" class=\"elementor-animation-float attachment-full size-full wp-image-8377\" alt=\"\" srcset=\"https:\/\/yiomau-mechanical.com\/wp-content\/uploads\/2022\/02\/Modernization.png 631w, https:\/\/yiomau-mechanical.com\/wp-content\/uploads\/2022\/02\/Modernization-300x224.png 300w, https:\/\/yiomau-mechanical.com\/wp-content\/uploads\/2022\/02\/Modernization-16x12.png 16w, https:\/\/yiomau-mechanical.com\/wp-content\/uploads\/2022\/02\/Modernization-285x213.png 285w, https:\/\/yiomau-mechanical.com\/wp-content\/uploads\/2022\/02\/Modernization-150x112.png 150w\" sizes=\"(max-width: 631px) 100vw, 631px\" \/>\t\t\t\t\t\t\t\t\t\t\t\t\t\t\t<\/div>\n\t\t\t\t<\/div>\n\t\t\t\t\t<\/div>\n\t\t<\/div>\n\t\t\t\t<div class=\"elementor-column elementor-col-50 elementor-top-column elementor-element elementor-element-e8df92a\" data-id=\"e8df92a\" data-element_type=\"column\">\n\t\t\t<div class=\"elementor-widget-wrap elementor-element-populated\">\n\t\t\t\t\t\t<section data-particle_enable=\"false\" data-particle-mobile-disabled=\"false\" class=\"elementor-section elementor-top-section elementor-element elementor-element-7b0dbdd elementor-section-boxed elementor-section-height-default elementor-section-height-default\" data-id=\"7b0dbdd\" data-element_type=\"section\" data-settings=\"{&quot;_ha_eqh_enable&quot;:false,&quot;ekit_has_onepagescroll_dot&quot;:&quot;yes&quot;}\">\n\t\t\t\t\t\t<div class=\"elementor-container elementor-column-gap-default\">\n\t\t\t\t\t<div class=\"elementor-column elementor-col-100 elementor-top-column elementor-element elementor-element-ef9a60f\" data-id=\"ef9a60f\" data-element_type=\"column\">\n\t\t\t<div class=\"elementor-widget-wrap elementor-element-populated\">\n\t\t\t\t\t\t<div class=\"elementor-element elementor-element-c52da4a elementor-widget elementor-widget-heading\" data-id=\"c52da4a\" data-element_type=\"widget\" data-settings=\"{&quot;ekit_we_effect_on&quot;:&quot;none&quot;}\" data-widget_type=\"heading.default\">\n\t\t\t\t<div class=\"elementor-widget-container\">\n\t\t\t\t\t<h2 class=\"elementor-heading-title elementor-size-default\">C\u1ea3i t\u1ea1o, n\u00e2ng c\u1ea5p<\/h2>\t\t\t\t<\/div>\n\t\t\t\t<\/div>\n\t\t\t\t<div class=\"elementor-element elementor-element-16871c7 elementor-widget elementor-widget-text-editor\" data-id=\"16871c7\" data-element_type=\"widget\" data-settings=\"{&quot;ekit_we_effect_on&quot;:&quot;none&quot;}\" data-widget_type=\"text-editor.default\">\n\t\t\t\t<div class=\"elementor-widget-container\">\n\t\t\t\t\t\t\t\t\t<p>Sau nhi\u1ec1u n\u0103m s\u1eed d\u1ee5ng, thi\u1ebft b\u1ecb c\u00f3 th\u1ec3 kh\u00f4ng c\u00f2n hi\u1ec7u qu\u1ea3 v\u00e0 an to\u00e0n nh\u01b0 tr\u01b0\u1edbc. Do \u0111\u00f3, n\u00e2ng c\u1ea5p l\u00e0 vi\u1ec7c n\u00ean l\u00e0m \u0111\u1ec3 c\u00f3 th\u1ec3 l\u00e0m m\u1edbi s\u1ea3n ph\u1ea9m<\/p><p>B\u1ea5t k\u1ec3 thi\u1ebft b\u1ecb v\u00e0 h\u1ec7 th\u1ed1ng c\u1ee7a b\u1ea1n \u0111\u01b0\u1ee3c cung c\u1ea5p b\u1edfi H\u1eefu M\u1eadu hay t\u1eeb c\u00e1c \nc\u00f4ng ty kh\u00e1c. Tr\u01b0\u1edbc ti\u00ean, nh\u00e2n vi\u00ean c\u1ee7a ch\u00fang t\u00f4i s\u1ebd \u0111\u00e1nh gi\u00e1 l\u1ea1i t\u00ecnh tr\u1ea1ng hi\u1ec7n t\u1ea1i c\u1ee7a thi\u1ebft b\u1ecb, sau \u0111\u00f3 \u0111\u01b0a ra k\u1ebf ho\u1ea1ch n\u00e2ng c\u1ea5p \u0111\u01b0\u1ee3c thi\u1ebft k\u1ebf ri\u00eang theo y\u00eau c\u1ea7u s\u1eed d\u1ee5ng c\u1ee7a b\u1ea1n.<br \/>Ngo\u00e0i ra, ch\u00fang t\u00f4i lu\u00f4n duy tr\u00ec li\u00ean l\u1ea1c v\u1edbi kh\u00e1ch h\u00e0ng \u0111\u1ec3 \u0111\u1ea3m b\u1ea3o thi\u1ebft b\u1ecb v\u1eabn ho\u1ea1t \u0111\u1ed9ng t\u1ed1t, gi\u1ea3m thi\u1ec3u s\u1ef1 gi\u00e1n \u0111o\u1ea1n trong ho\u1ea1t \u0111\u1ed9ng s\u1ea3n xu\u1ea5t, \u0111\u1ec1 xu\u1ea5t c\u00e1c gi\u1ea3i ph\u00e1p kh\u1ea3 thi v\u00e0 l\u1ecbch tr\u00ecnh l\u00e0m vi\u1ec7c \u0111\u1ec3 kh\u00e1ch h\u00e0ng c\u00f3 th\u1ec3 \u00e1p d\u1ee5ng.<\/p><p>Ngo\u00e0i vi\u1ec7c t\u00e2n trang, ngay c\u1ea3 khi thi\u1ebft b\u1ecb v\u1eabn c\u00f2n t\u1ed1t, thi\u1ebft b\u1ecb c\u00f3 th\u1ec3 \u0111\u01b0\u1ee3c n\u00e2ng c\u1ea5p v\u00ec nh\u1eefng l\u00fd do sau:<\/p><p>1. Khi \u0111\u1eb7c \u0111i\u1ec3m k\u1ef9 thu\u1eadt thay \u0111\u1ed5i, h\u00e3y thay th\u1ebf c\u00e1c b\u1ed9 ph\u1eadn \u0111\u00e3 l\u1ed7i th\u1eddi<br \/>2. Th\u00eam ch\u1ee9c n\u0103ng ho\u1eb7c gi\u1ea3i ph\u00e1p k\u1ef9 thu\u1eadt m\u1edbi \u0111\u1ec3 c\u1ea3i thi\u1ec7n an to\u00e0n v\u00e0 hi\u1ec7u qu\u1ea3<br \/>3. C\u1ea7n s\u1eeda \u0111\u1ed5i k\u00edch th\u01b0\u1edbc \u0111\u1ec3 di d\u1eddi thi\u1ebft b\u1ecb<\/p>\t\t\t\t\t\t\t\t<\/div>\n\t\t\t\t<\/div>\n\t\t\t\t<div class=\"elementor-element elementor-element-b204cec elementor-widget elementor-widget-menu-anchor\" data-id=\"b204cec\" data-element_type=\"widget\" data-settings=\"{&quot;ekit_we_effect_on&quot;:&quot;none&quot;}\" data-widget_type=\"menu-anchor.default\">\n\t\t\t\t<div class=\"elementor-widget-container\">\n\t\t\t\t\t\t\t<div class=\"elementor-menu-anchor\" id=\"maintenance\"><\/div>\n\t\t\t\t\t\t<\/div>\n\t\t\t\t<\/div>\n\t\t\t\t\t<\/div>\n\t\t<\/div>\n\t\t\t\t\t<\/div>\n\t\t<\/section>\n\t\t\t\t\t<\/div>\n\t\t<\/div>\n\t\t\t\t\t<\/div>\n\t\t<\/section>\n\t\t\t\t<\/div>","protected":false},"excerpt":{"rendered":"<p>Home Modernization After years of service, an equipment or systems may not be as efficient and safe as&#8230;<\/p>","protected":false},"author":1,"featured_media":0,"parent":7197,"menu_order":0,"comment_status":"closed","ping_status":"closed","template":"elementor_canvas","meta":{"footnotes":""},"class_list":["post-14114","page","type-page","status-publish","hentry"],"_links":{"self":[{"href":"https:\/\/yiomau-mechanical.com\/vn\/wp-json\/wp\/v2\/pages\/14114","targetHints":{"allow":["GET"]}}],"collection":[{"href":"https:\/\/yiomau-mechanical.com\/vn\/wp-json\/wp\/v2\/pages"}],"about":[{"href":"https:\/\/yiomau-mechanical.com\/vn\/wp-json\/wp\/v2\/types\/page"}],"author":[{"embeddable":true,"href":"https:\/\/yiomau-mechanical.com\/vn\/wp-json\/wp\/v2\/users\/1"}],"replies":[{"embeddable":true,"href":"https:\/\/yiomau-mechanical.com\/vn\/wp-json\/wp\/v2\/comments?post=14114"}],"version-history":[{"count":6,"href":"https:\/\/yiomau-mechanical.com\/vn\/wp-json\/wp\/v2\/pages\/14114\/revisions"}],"predecessor-version":[{"id":17063,"href":"https:\/\/yiomau-mechanical.com\/vn\/wp-json\/wp\/v2\/pages\/14114\/revisions\/17063"}],"up":[{"embeddable":true,"href":"https:\/\/yiomau-mechanical.com\/vn\/wp-json\/wp\/v2\/pages\/7197"}],"wp:attachment":[{"href":"https:\/\/yiomau-mechanical.com\/vn\/wp-json\/wp\/v2\/media?parent=14114"}],"curies":[{"name":"wp","href":"https:\/\/api.w.org\/{rel}","templated":true}]}}