{"id":14105,"date":"2022-07-07T18:57:28","date_gmt":"2022-07-07T10:57:28","guid":{"rendered":"https:\/\/yiomau-mechanical.com\/?page_id=14105"},"modified":"2022-08-05T00:20:24","modified_gmt":"2022-08-04T16:20:24","slug":"repairs-2","status":"publish","type":"page","link":"https:\/\/yiomau-mechanical.com\/vn\/services\/repairs\/","title":{"rendered":"S\u1eeda ch\u1eefa"},"content":{"rendered":"<div data-elementor-type=\"wp-page\" data-elementor-id=\"14105\" class=\"elementor elementor-14105\" data-elementor-settings=\"{&quot;ha_cmc_init_switcher&quot;:&quot;no&quot;}\" data-elementor-post-type=\"page\">\n\t\t\t\t\t\t<section data-particle_enable=\"false\" data-particle-mobile-disabled=\"false\" class=\"elementor-section elementor-top-section elementor-element elementor-element-585e554 elementor-section-boxed elementor-section-height-default elementor-section-height-default\" data-id=\"585e554\" data-element_type=\"section\" data-settings=\"{&quot;background_background&quot;:&quot;classic&quot;,&quot;animation&quot;:&quot;none&quot;,&quot;_ha_eqh_enable&quot;:false,&quot;ekit_has_onepagescroll_dot&quot;:&quot;yes&quot;}\">\n\t\t\t\t\t\t<div class=\"elementor-container elementor-column-gap-default\">\n\t\t\t\t\t<div class=\"elementor-column elementor-col-100 elementor-top-column elementor-element elementor-element-94d2f33\" data-id=\"94d2f33\" data-element_type=\"column\">\n\t\t\t<div class=\"elementor-widget-wrap elementor-element-populated\">\n\t\t\t\t\t\t<div class=\"elementor-element elementor-element-d8370de elementor-widget elementor-widget-ha-breadcrumbs happy-addon ha-breadcrumbs happy-addon-pro\" data-id=\"d8370de\" data-element_type=\"widget\" data-settings=\"{&quot;ekit_we_effect_on&quot;:&quot;none&quot;}\" data-widget_type=\"ha-breadcrumbs.default\">\n\t\t\t\t<div class=\"elementor-widget-container\">\n\t\t\t\t\t<ul class=\"ha-breadcrumbs\"><li class=\"ha-breadcrumbs-item ha-breadcrumbs-start\"><a href=\"https:\/\/yiomau-mechanical.com\/vn\/\" rel=\"home\"><span class=\"ha-breadcrumbs-text\"><span class=\"ha-breadcrumbs-home-icon\"><span class=\"fas fa-home\" aria-hidden=\"true\"><\/span><\/span>Nh\u00e0<\/span><\/a><\/li><\/ul>\t\t\t\t<\/div>\n\t\t\t\t<\/div>\n\t\t\t\t\t<\/div>\n\t\t<\/div>\n\t\t\t\t\t<\/div>\n\t\t<\/section>\n\t\t\t\t<section data-particle_enable=\"false\" data-particle-mobile-disabled=\"false\" class=\"elementor-section elementor-top-section elementor-element elementor-element-70a5518 elementor-section-boxed elementor-section-height-default elementor-section-height-default\" data-id=\"70a5518\" data-element_type=\"section\" data-settings=\"{&quot;background_background&quot;:&quot;classic&quot;,&quot;animation&quot;:&quot;none&quot;,&quot;_ha_eqh_enable&quot;:false,&quot;ekit_has_onepagescroll_dot&quot;:&quot;yes&quot;}\">\n\t\t\t\t\t\t<div class=\"elementor-container elementor-column-gap-default\">\n\t\t\t\t\t<div class=\"elementor-column elementor-col-50 elementor-top-column elementor-element elementor-element-7e94133\" data-id=\"7e94133\" data-element_type=\"column\">\n\t\t\t<div class=\"elementor-widget-wrap elementor-element-populated\">\n\t\t\t\t\t\t<div class=\"elementor-element elementor-element-4c5a0a1 elementor-widget elementor-widget-spacer\" data-id=\"4c5a0a1\" data-element_type=\"widget\" data-settings=\"{&quot;ekit_we_effect_on&quot;:&quot;none&quot;}\" data-widget_type=\"spacer.default\">\n\t\t\t\t<div class=\"elementor-widget-container\">\n\t\t\t\t\t\t\t<div class=\"elementor-spacer\">\n\t\t\t<div class=\"elementor-spacer-inner\"><\/div>\n\t\t<\/div>\n\t\t\t\t\t\t<\/div>\n\t\t\t\t<\/div>\n\t\t\t\t<div class=\"elementor-element elementor-element-63bc2fe elementor-widget elementor-widget-spacer\" data-id=\"63bc2fe\" data-element_type=\"widget\" data-settings=\"{&quot;ekit_we_effect_on&quot;:&quot;none&quot;}\" data-widget_type=\"spacer.default\">\n\t\t\t\t<div class=\"elementor-widget-container\">\n\t\t\t\t\t\t\t<div class=\"elementor-spacer\">\n\t\t\t<div class=\"elementor-spacer-inner\"><\/div>\n\t\t<\/div>\n\t\t\t\t\t\t<\/div>\n\t\t\t\t<\/div>\n\t\t\t\t<section data-particle_enable=\"false\" data-particle-mobile-disabled=\"false\" class=\"elementor-section elementor-top-section elementor-element elementor-element-124555c elementor-section-full_width elementor-section-height-default elementor-section-height-default\" data-id=\"124555c\" data-element_type=\"section\" data-settings=\"{&quot;_ha_eqh_enable&quot;:false,&quot;ekit_has_onepagescroll_dot&quot;:&quot;yes&quot;}\">\n\t\t\t\t\t\t<div class=\"elementor-container elementor-column-gap-no\">\n\t\t\t\t\t<div class=\"elementor-column elementor-col-100 elementor-top-column elementor-element elementor-element-a057f1a\" data-id=\"a057f1a\" data-element_type=\"column\">\n\t\t\t<div class=\"elementor-widget-wrap elementor-element-populated\">\n\t\t\t\t\t\t<div class=\"elementor-element elementor-element-aa03854 elementor-widget elementor-widget-heading\" data-id=\"aa03854\" data-element_type=\"widget\" data-settings=\"{&quot;ekit_we_effect_on&quot;:&quot;none&quot;}\" data-widget_type=\"heading.default\">\n\t\t\t\t<div class=\"elementor-widget-container\">\n\t\t\t\t\t<h2 class=\"elementor-heading-title elementor-size-default\">S\u1eeda ch\u1eefa<\/h2>\t\t\t\t<\/div>\n\t\t\t\t<\/div>\n\t\t\t\t<div class=\"elementor-element elementor-element-e32eee6 elementor-widget elementor-widget-text-editor\" data-id=\"e32eee6\" data-element_type=\"widget\" data-settings=\"{&quot;_animation&quot;:&quot;none&quot;,&quot;ekit_we_effect_on&quot;:&quot;none&quot;}\" data-widget_type=\"text-editor.default\">\n\t\t\t\t<div class=\"elementor-widget-container\">\n\t\t\t\t\t\t\t\t\t<p>\u0110\u1ec3 \u0111\u1ea3m b\u1ea3o c\u00e1c s\u1ef1 c\u1ed1 \u0111\u01b0\u1ee3c gi\u1ea3i quy\u1ebft nhanh ch\u00f3ng v\u00e0 gi\u1ea3m thi\u1ec3u \nth\u1eddi gian ng\u1eebng ho\u1ea1t \u0111\u1ed9ng kh\u00f4ng mong mu\u1ed1n, ch\u00fang t\u00f4i lu\u00f4n duy tr\u00ec t\u1ed3n kho m\u1ed9t l\u01b0\u1ee3ng ph\u1ee5 t\u00f9ng thay th\u1ebf ch\u00ednh h\u00e3ng v\u00e0 b\u1ed1 tr\u00ed s\u1eb5n \u0111\u1ed9i ng\u0169 s\u1eefa ch\u1eefa t\u00fac tr\u1ef1c g\u1ea7n khu v\u1ef1c c\u1ee7a kh\u00e1ch h\u00e0ng. Ngo\u00e0i ra, ch\u00fang t\u00f4i c\u00f2n trang b\u1ecb cho \u0111\u1ed9i ng\u0169 s\u1eefa ch\u1eefa ph\u01b0\u01a1ng ti\u1ec7n \u0111i l\u1ea1i \u0111\u01b0\u1ee3c chu\u1ea9n b\u1ecb s\u1eb5n c\u00e1c v\u1eadt t\u01b0 th\u00f4ng d\u1ee5ng tr\u00ean xe \u0111\u1ec3 t\u0103ng t\u00ednh linh ho\u1ea1t c\u1ee7a vi\u1ec7c b\u1ea3o tr\u00ec.<\/p><p>T\u1ea5t c\u1ea3 c\u00e1c c\u00f4ng vi\u1ec7c s\u1eeda ch\u1eefa \u0111\u01b0\u1ee3c th\u1ef1c hi\u1ec7n b\u1edfi nh\u00e2n vi\u00ean c\u00f3 tr\u00ecnh \u0111\u1ed9 cao v\u00e0 vi\u1ec7c s\u1eed d\u1ee5ng c\u00e1c ph\u1ee5 t\u00f9ng thay th\u1ebf ch\u00ednh h\u00e3ng s\u1ebd \u0111\u1ea3m b\u1ea3o \u0111\u1ed9 tin c\u1eady khi s\u1eed d\u1ee5ng.<\/p>\t\t\t\t\t\t\t\t<\/div>\n\t\t\t\t<\/div>\n\t\t\t\t\t<\/div>\n\t\t<\/div>\n\t\t\t\t\t<\/div>\n\t\t<\/section>\n\t\t\t\t\t<\/div>\n\t\t<\/div>\n\t\t\t\t<div class=\"elementor-column elementor-col-50 elementor-top-column elementor-element elementor-element-56561db\" data-id=\"56561db\" data-element_type=\"column\">\n\t\t\t<div class=\"elementor-widget-wrap elementor-element-populated\">\n\t\t\t\t\t\t<div class=\"elementor-element elementor-element-4d04107 elementor-widget elementor-widget-spacer\" data-id=\"4d04107\" data-element_type=\"widget\" data-settings=\"{&quot;ekit_we_effect_on&quot;:&quot;none&quot;}\" data-widget_type=\"spacer.default\">\n\t\t\t\t<div class=\"elementor-widget-container\">\n\t\t\t\t\t\t\t<div class=\"elementor-spacer\">\n\t\t\t<div class=\"elementor-spacer-inner\"><\/div>\n\t\t<\/div>\n\t\t\t\t\t\t<\/div>\n\t\t\t\t<\/div>\n\t\t\t\t<div class=\"elementor-element elementor-element-9785859 elementor-widget elementor-widget-image\" data-id=\"9785859\" data-element_type=\"widget\" data-settings=\"{&quot;_animation&quot;:&quot;none&quot;,&quot;ekit_we_effect_on&quot;:&quot;none&quot;}\" data-widget_type=\"image.default\">\n\t\t\t\t<div class=\"elementor-widget-container\">\n\t\t\t\t\t\t\t\t\t\t\t\t\t\t\t<img fetchpriority=\"high\" decoding=\"async\" width=\"710\" height=\"472\" src=\"https:\/\/yiomau-mechanical.com\/wp-content\/uploads\/2022\/02\/Repairs.png\" class=\"elementor-animation-float attachment-full size-full wp-image-8373\" alt=\"\" srcset=\"https:\/\/yiomau-mechanical.com\/wp-content\/uploads\/2022\/02\/Repairs.png 710w, https:\/\/yiomau-mechanical.com\/wp-content\/uploads\/2022\/02\/Repairs-300x199.png 300w, https:\/\/yiomau-mechanical.com\/wp-content\/uploads\/2022\/02\/Repairs-18x12.png 18w, https:\/\/yiomau-mechanical.com\/wp-content\/uploads\/2022\/02\/Repairs-285x189.png 285w, https:\/\/yiomau-mechanical.com\/wp-content\/uploads\/2022\/02\/Repairs-660x439.png 660w, https:\/\/yiomau-mechanical.com\/wp-content\/uploads\/2022\/02\/Repairs-150x100.png 150w\" sizes=\"(max-width: 710px) 100vw, 710px\" \/>\t\t\t\t\t\t\t\t\t\t\t\t\t\t\t<\/div>\n\t\t\t\t<\/div>\n\t\t\t\t<div class=\"elementor-element elementor-element-ff66e11 elementor-widget elementor-widget-menu-anchor\" data-id=\"ff66e11\" data-element_type=\"widget\" data-settings=\"{&quot;ekit_we_effect_on&quot;:&quot;none&quot;}\" data-widget_type=\"menu-anchor.default\">\n\t\t\t\t<div class=\"elementor-widget-container\">\n\t\t\t\t\t\t\t<div class=\"elementor-menu-anchor\" id=\"refurbish\"><\/div>\n\t\t\t\t\t\t<\/div>\n\t\t\t\t<\/div>\n\t\t\t\t\t<\/div>\n\t\t<\/div>\n\t\t\t\t\t<\/div>\n\t\t<\/section>\n\t\t\t\t<\/div>","protected":false},"excerpt":{"rendered":"<p>Home Repairs To ensure malfunctions are quickly resolved, and to keep unexpected downtimes to a minimum, we always&#8230;<\/p>","protected":false},"author":1,"featured_media":0,"parent":7197,"menu_order":0,"comment_status":"closed","ping_status":"closed","template":"elementor_canvas","meta":{"footnotes":""},"class_list":["post-14105","page","type-page","status-publish","hentry"],"_links":{"self":[{"href":"https:\/\/yiomau-mechanical.com\/vn\/wp-json\/wp\/v2\/pages\/14105","targetHints":{"allow":["GET"]}}],"collection":[{"href":"https:\/\/yiomau-mechanical.com\/vn\/wp-json\/wp\/v2\/pages"}],"about":[{"href":"https:\/\/yiomau-mechanical.com\/vn\/wp-json\/wp\/v2\/types\/page"}],"author":[{"embeddable":true,"href":"https:\/\/yiomau-mechanical.com\/vn\/wp-json\/wp\/v2\/users\/1"}],"replies":[{"embeddable":true,"href":"https:\/\/yiomau-mechanical.com\/vn\/wp-json\/wp\/v2\/comments?post=14105"}],"version-history":[{"count":3,"href":"https:\/\/yiomau-mechanical.com\/vn\/wp-json\/wp\/v2\/pages\/14105\/revisions"}],"predecessor-version":[{"id":16860,"href":"https:\/\/yiomau-mechanical.com\/vn\/wp-json\/wp\/v2\/pages\/14105\/revisions\/16860"}],"up":[{"embeddable":true,"href":"https:\/\/yiomau-mechanical.com\/vn\/wp-json\/wp\/v2\/pages\/7197"}],"wp:attachment":[{"href":"https:\/\/yiomau-mechanical.com\/vn\/wp-json\/wp\/v2\/media?parent=14105"}],"curies":[{"name":"wp","href":"https:\/\/api.w.org\/{rel}","templated":true}]}}