{"id":14095,"date":"2022-07-07T14:59:03","date_gmt":"2022-07-07T06:59:03","guid":{"rendered":"https:\/\/yiomau-mechanical.com\/?page_id=14095"},"modified":"2022-08-23T13:11:37","modified_gmt":"2022-08-23T05:11:37","slug":"overview-2","status":"publish","type":"page","link":"https:\/\/yiomau-mechanical.com\/vn\/services\/overview\/","title":{"rendered":"T\u1ed5ng qu\u00e1t"},"content":{"rendered":"<div data-elementor-type=\"wp-page\" data-elementor-id=\"14095\" class=\"elementor elementor-14095\" data-elementor-settings=\"{&quot;ha_cmc_init_switcher&quot;:&quot;no&quot;}\" data-elementor-post-type=\"page\">\n\t\t\t\t\t\t<section data-particle_enable=\"false\" data-particle-mobile-disabled=\"false\" class=\"elementor-section elementor-top-section elementor-element elementor-element-c79a148 elementor-section-boxed elementor-section-height-default elementor-section-height-default\" data-id=\"c79a148\" data-element_type=\"section\" id=\"overview\" data-settings=\"{&quot;animation&quot;:&quot;none&quot;,&quot;_ha_eqh_enable&quot;:false,&quot;ekit_has_onepagescroll_dot&quot;:&quot;yes&quot;}\">\n\t\t\t\t\t\t<div class=\"elementor-container elementor-column-gap-default\">\n\t\t\t\t\t<div class=\"elementor-column elementor-col-100 elementor-top-column elementor-element elementor-element-b1e24eb\" data-id=\"b1e24eb\" data-element_type=\"column\">\n\t\t\t<div class=\"elementor-widget-wrap elementor-element-populated\">\n\t\t\t\t\t\t<div class=\"elementor-element elementor-element-a0a1bac elementor-widget elementor-widget-ha-breadcrumbs happy-addon ha-breadcrumbs happy-addon-pro\" data-id=\"a0a1bac\" data-element_type=\"widget\" data-settings=\"{&quot;ekit_we_effect_on&quot;:&quot;none&quot;}\" data-widget_type=\"ha-breadcrumbs.default\">\n\t\t\t\t<div class=\"elementor-widget-container\">\n\t\t\t\t\t<ul class=\"ha-breadcrumbs\"><li class=\"ha-breadcrumbs-item ha-breadcrumbs-start\"><a href=\"https:\/\/yiomau-mechanical.com\/vn\/\" rel=\"home\"><span class=\"ha-breadcrumbs-text\"><span class=\"ha-breadcrumbs-home-icon\"><span class=\"fas fa-home\" aria-hidden=\"true\"><\/span><\/span>Nh\u00e0<\/span><\/a><\/li><\/ul>\t\t\t\t<\/div>\n\t\t\t\t<\/div>\n\t\t\t\t<div class=\"elementor-element elementor-element-f68706f elementor-widget elementor-widget-spacer\" data-id=\"f68706f\" data-element_type=\"widget\" data-settings=\"{&quot;ekit_we_effect_on&quot;:&quot;none&quot;}\" data-widget_type=\"spacer.default\">\n\t\t\t\t<div class=\"elementor-widget-container\">\n\t\t\t\t\t\t\t<div class=\"elementor-spacer\">\n\t\t\t<div class=\"elementor-spacer-inner\"><\/div>\n\t\t<\/div>\n\t\t\t\t\t\t<\/div>\n\t\t\t\t<\/div>\n\t\t\t\t\t<\/div>\n\t\t<\/div>\n\t\t\t\t\t<\/div>\n\t\t<\/section>\n\t\t\t\t<section data-particle_enable=\"false\" data-particle-mobile-disabled=\"false\" class=\"elementor-section elementor-top-section elementor-element elementor-element-438b8eb elementor-section-boxed elementor-section-height-default elementor-section-height-default\" data-id=\"438b8eb\" data-element_type=\"section\" id=\"repairs\" data-settings=\"{&quot;_ha_eqh_enable&quot;:false,&quot;ekit_has_onepagescroll_dot&quot;:&quot;yes&quot;}\">\n\t\t\t\t\t\t<div class=\"elementor-container elementor-column-gap-default\">\n\t\t\t\t\t<div class=\"elementor-column elementor-col-50 elementor-top-column elementor-element elementor-element-46fc33b3\" data-id=\"46fc33b3\" data-element_type=\"column\">\n\t\t\t<div class=\"elementor-widget-wrap elementor-element-populated\">\n\t\t\t\t\t\t<div class=\"elementor-element elementor-element-7f808b7 elementor-widget elementor-widget-heading\" data-id=\"7f808b7\" data-element_type=\"widget\" data-settings=\"{&quot;_animation&quot;:&quot;none&quot;,&quot;ekit_we_effect_on&quot;:&quot;none&quot;}\" data-widget_type=\"heading.default\">\n\t\t\t\t<div class=\"elementor-widget-container\">\n\t\t\t\t\t<h2 class=\"elementor-heading-title elementor-size-default\">T\u1ed5ng qu\u00e1t<\/h2>\t\t\t\t<\/div>\n\t\t\t\t<\/div>\n\t\t\t\t<div class=\"elementor-element elementor-element-4fb54a62 elementor-widget elementor-widget-text-editor\" data-id=\"4fb54a62\" data-element_type=\"widget\" data-settings=\"{&quot;_animation&quot;:&quot;none&quot;,&quot;ekit_we_effect_on&quot;:&quot;none&quot;}\" data-widget_type=\"text-editor.default\">\n\t\t\t\t<div class=\"elementor-widget-container\">\n\t\t\t\t\t\t\t\t\t<p>V\u1edbi m\u1ed9t kho linh ki\u1ec7n ch\u00ednh h\u00e3ng \u0111\u1ea7y \u0111\u1ee7 v\u1ec1 s\u1ed1 l\u01b0\u1ee3ng l\u1eabn ch\u1ee7ng lo\u1ea1i v\u00e0 m\u1ed9t \u0111\u1ed9i ng\u0169 s\u1eeda ch\u1eefa t\u00fac tr\u1ef1c 24\/24, ch\u00fang t\u00f4i \u0111\u1ea3m b\u1ea3o d\u1ecbch v\u1ee5 c\u1ee7a m\u00ecnh lu\u00f4n \u0111\u01b0\u1ee3c duy tr\u00ec trong t\u00ecnh tr\u1ea1ng an to\u00e0n v\u00e0 \u0111\u00e1ng tin c\u1eady. Ngo\u00e0i ra, \u0111\u1ed9i ng\u0169 chuy\u00ean gia c\u1ee7a ch\u00fang t\u00f4i s\u1eb5n s\u00e0ng h\u01b0\u1edbng d\u1eabn v\u00e0 h\u1ed7 tr\u1ee3 k\u1ef9 thu\u1eadt khi c\u1ea7n thi\u1ebft nh\u1eb1m c\u1ea3i thi\u1ec7n v\u1ea5n \u0111\u1ec1 an to\u00e0n v\u00e0 n\u0103ng su\u1ea5t ho\u1ea1t \u0111\u1ed9ng, \u0111\u1ed3ng th\u1eddi gi\u1ea3m thi\u1ec3u nguy c\u01a1 x\u1ea3y ra s\u1ef1 c\u1ed1 v\u00e0 h\u01b0 h\u1ecfng thi\u1ebft b\u1ecb do qu\u00e1 tr\u00ecnh v\u1eadn h\u00e0nh kh\u00f4ng \u0111\u00fang c\u00e1ch g\u00e2y ra.<\/p>\t\t\t\t\t\t\t\t<\/div>\n\t\t\t\t<\/div>\n\t\t\t\t\t<\/div>\n\t\t<\/div>\n\t\t\t\t<div class=\"elementor-column elementor-col-50 elementor-top-column elementor-element elementor-element-70810c67\" data-id=\"70810c67\" data-element_type=\"column\">\n\t\t\t<div class=\"elementor-widget-wrap elementor-element-populated\">\n\t\t\t\t\t\t<div class=\"elementor-element elementor-element-7f3b7749 elementor-widget elementor-widget-image\" data-id=\"7f3b7749\" data-element_type=\"widget\" data-settings=\"{&quot;_animation&quot;:&quot;none&quot;,&quot;ekit_we_effect_on&quot;:&quot;none&quot;}\" data-widget_type=\"image.default\">\n\t\t\t\t<div class=\"elementor-widget-container\">\n\t\t\t\t\t\t\t\t\t\t\t\t\t\t\t<img fetchpriority=\"high\" decoding=\"async\" width=\"620\" height=\"414\" src=\"https:\/\/yiomau-mechanical.com\/wp-content\/uploads\/2022\/07\/Overview.png\" class=\"elementor-animation-float attachment-full size-full wp-image-14097\" alt=\"\" srcset=\"https:\/\/yiomau-mechanical.com\/wp-content\/uploads\/2022\/07\/Overview.png 620w, https:\/\/yiomau-mechanical.com\/wp-content\/uploads\/2022\/07\/Overview-300x200.png 300w, https:\/\/yiomau-mechanical.com\/wp-content\/uploads\/2022\/07\/Overview-18x12.png 18w, https:\/\/yiomau-mechanical.com\/wp-content\/uploads\/2022\/07\/Overview-285x190.png 285w, https:\/\/yiomau-mechanical.com\/wp-content\/uploads\/2022\/07\/Overview-150x100.png 150w\" sizes=\"(max-width: 620px) 100vw, 620px\" \/>\t\t\t\t\t\t\t\t\t\t\t\t\t\t\t<\/div>\n\t\t\t\t<\/div>\n\t\t\t\t<div class=\"elementor-element elementor-element-2452b9eb elementor-widget elementor-widget-menu-anchor\" data-id=\"2452b9eb\" data-element_type=\"widget\" data-settings=\"{&quot;ekit_we_effect_on&quot;:&quot;none&quot;}\" data-widget_type=\"menu-anchor.default\">\n\t\t\t\t<div class=\"elementor-widget-container\">\n\t\t\t\t\t\t\t<div class=\"elementor-menu-anchor\" id=\"repairs\"><\/div>\n\t\t\t\t\t\t<\/div>\n\t\t\t\t<\/div>\n\t\t\t\t\t<\/div>\n\t\t<\/div>\n\t\t\t\t\t<\/div>\n\t\t<\/section>\n\t\t\t\t<\/div>","protected":false},"excerpt":{"rendered":"<p>Home Overview We are committed to keeping our products in a safe and reliable condition with a good&#8230;<\/p>","protected":false},"author":1,"featured_media":0,"parent":7197,"menu_order":0,"comment_status":"closed","ping_status":"closed","template":"elementor_canvas","meta":{"footnotes":""},"class_list":["post-14095","page","type-page","status-publish","hentry"],"_links":{"self":[{"href":"https:\/\/yiomau-mechanical.com\/vn\/wp-json\/wp\/v2\/pages\/14095","targetHints":{"allow":["GET"]}}],"collection":[{"href":"https:\/\/yiomau-mechanical.com\/vn\/wp-json\/wp\/v2\/pages"}],"about":[{"href":"https:\/\/yiomau-mechanical.com\/vn\/wp-json\/wp\/v2\/types\/page"}],"author":[{"embeddable":true,"href":"https:\/\/yiomau-mechanical.com\/vn\/wp-json\/wp\/v2\/users\/1"}],"replies":[{"embeddable":true,"href":"https:\/\/yiomau-mechanical.com\/vn\/wp-json\/wp\/v2\/comments?post=14095"}],"version-history":[{"count":6,"href":"https:\/\/yiomau-mechanical.com\/vn\/wp-json\/wp\/v2\/pages\/14095\/revisions"}],"predecessor-version":[{"id":17060,"href":"https:\/\/yiomau-mechanical.com\/vn\/wp-json\/wp\/v2\/pages\/14095\/revisions\/17060"}],"up":[{"embeddable":true,"href":"https:\/\/yiomau-mechanical.com\/vn\/wp-json\/wp\/v2\/pages\/7197"}],"wp:attachment":[{"href":"https:\/\/yiomau-mechanical.com\/vn\/wp-json\/wp\/v2\/media?parent=14095"}],"curies":[{"name":"wp","href":"https:\/\/api.w.org\/{rel}","templated":true}]}}