{"id":11548,"date":"2022-04-06T20:00:06","date_gmt":"2022-04-06T12:00:06","guid":{"rendered":"https:\/\/yiomau-mechanical.com\/?page_id=11548"},"modified":"2022-08-02T14:26:12","modified_gmt":"2022-08-02T06:26:12","slug":"vietnam-pai-ho","status":"publish","type":"page","link":"https:\/\/yiomau-mechanical.com\/vn\/references\/case-studies\/vietnam-pai-ho\/","title":{"rendered":"Paiho Vi\u1ec7t Nam"},"content":{"rendered":"<div data-elementor-type=\"wp-post\" data-elementor-id=\"11548\" class=\"elementor elementor-11548\" data-elementor-settings=\"{&quot;ha_cmc_init_switcher&quot;:&quot;no&quot;}\" data-elementor-post-type=\"page\">\n\t\t\t\t\t\t<section data-particle_enable=\"false\" data-particle-mobile-disabled=\"false\" class=\"elementor-section elementor-top-section elementor-element elementor-element-a99e9b5 elementor-section-full_width elementor-section-height-default elementor-section-height-default\" data-id=\"a99e9b5\" data-element_type=\"section\" data-settings=\"{&quot;_ha_eqh_enable&quot;:false,&quot;ekit_has_onepagescroll_dot&quot;:&quot;yes&quot;}\">\n\t\t\t\t\t\t<div class=\"elementor-container elementor-column-gap-no\">\n\t\t\t\t\t<div class=\"elementor-column elementor-col-100 elementor-top-column elementor-element elementor-element-448e03c\" data-id=\"448e03c\" data-element_type=\"column\">\n\t\t\t<div class=\"elementor-widget-wrap elementor-element-populated\">\n\t\t\t\t\t\t<div class=\"elementor-element elementor-element-4db004d elementor--h-position-center elementor--v-position-middle elementor-arrows-position-inside elementor-pagination-position-inside elementor-widget elementor-widget-slides\" data-id=\"4db004d\" data-element_type=\"widget\" data-settings=\"{&quot;navigation&quot;:&quot;both&quot;,&quot;transition&quot;:&quot;slide&quot;,&quot;transition_speed&quot;:500,&quot;ekit_we_effect_on&quot;:&quot;none&quot;}\" data-widget_type=\"slides.default\">\n\t\t\t\t<div class=\"elementor-widget-container\">\n\t\t\t\t\t\t\t\t\t<div class=\"elementor-swiper\">\r\n\t\t\t\t\t<div class=\"elementor-slides-wrapper elementor-main-swiper swiper\" role=\"region\" aria-roledescription=\"carousel\" aria-label=\"Slides\" dir=\"ltr\" data-animation=\"fadeInUp\" data-no-translation-aria-label=\"\">\r\n\t\t\t\t<div class=\"swiper-wrapper elementor-slides\">\r\n\t\t\t\t\t\t\t\t\t\t<div class=\"elementor-repeater-item-7577859 swiper-slide\" role=\"group\" aria-roledescription=\"slide\"><div class=\"swiper-slide-bg\" role=\"img\" aria-label=\"machine room_after\"><\/div><div class=\"elementor-background-overlay\"><\/div><div class=\"swiper-slide-inner\" ><div class=\"swiper-slide-contents\"><div class=\"elementor-slide-heading\">Paiho Vi\u1ec7t Nam<\/div><div class=\"elementor-slide-description\">C\u1ea3i t\u1ea1o thang m\u00e1y hi\u1ec7n c\u00f3<\/div><\/div><\/div><\/div>\t\t\t\t<\/div>\r\n\t\t\t\t\t\t\t<\/div>\r\n\t\t\t\t<\/div>\r\n\t\t\t\t\t\t\t\t<\/div>\n\t\t\t\t<\/div>\n\t\t\t\t\t<\/div>\n\t\t<\/div>\n\t\t\t\t\t<\/div>\n\t\t<\/section>\n\t\t\t\t<section data-particle_enable=\"false\" data-particle-mobile-disabled=\"false\" class=\"elementor-section elementor-top-section elementor-element elementor-element-bb0efc2 elementor-section-boxed elementor-section-height-default elementor-section-height-default\" data-id=\"bb0efc2\" data-element_type=\"section\" data-settings=\"{&quot;_ha_eqh_enable&quot;:false,&quot;ekit_has_onepagescroll_dot&quot;:&quot;yes&quot;}\">\n\t\t\t\t\t\t<div class=\"elementor-container elementor-column-gap-default\">\n\t\t\t\t\t<div class=\"elementor-column elementor-col-100 elementor-top-column elementor-element elementor-element-9e094a7\" data-id=\"9e094a7\" data-element_type=\"column\">\n\t\t\t<div class=\"elementor-widget-wrap elementor-element-populated\">\n\t\t\t\t\t\t<div class=\"elementor-element elementor-element-70a5daf elementor-widget elementor-widget-ha-breadcrumbs happy-addon ha-breadcrumbs happy-addon-pro\" data-id=\"70a5daf\" data-element_type=\"widget\" data-settings=\"{&quot;ekit_we_effect_on&quot;:&quot;none&quot;}\" data-widget_type=\"ha-breadcrumbs.default\">\n\t\t\t\t<div class=\"elementor-widget-container\">\n\t\t\t\t\t<ul class=\"ha-breadcrumbs\"><li class=\"ha-breadcrumbs-item ha-breadcrumbs-start\"><a href=\"https:\/\/yiomau-mechanical.com\/vn\/\" rel=\"home\"><span class=\"ha-breadcrumbs-text\"><span class=\"ha-breadcrumbs-home-icon\"><span class=\"hm hm-home\" aria-hidden=\"true\"><\/span><\/span>Nh\u00e0<\/span><\/a><\/li><\/ul>\t\t\t\t<\/div>\n\t\t\t\t<\/div>\n\t\t\t\t\t<\/div>\n\t\t<\/div>\n\t\t\t\t\t<\/div>\n\t\t<\/section>\n\t\t\t\t<section data-particle_enable=\"false\" data-particle-mobile-disabled=\"false\" class=\"elementor-section elementor-top-section elementor-element elementor-element-477bf5e elementor-section-boxed elementor-section-height-default elementor-section-height-default\" data-id=\"477bf5e\" data-element_type=\"section\" data-settings=\"{&quot;_ha_eqh_enable&quot;:false,&quot;ekit_has_onepagescroll_dot&quot;:&quot;yes&quot;}\">\n\t\t\t\t\t\t<div class=\"elementor-container elementor-column-gap-default\">\n\t\t\t\t\t<div class=\"elementor-column elementor-col-100 elementor-top-column elementor-element elementor-element-065e78a\" data-id=\"065e78a\" data-element_type=\"column\">\n\t\t\t<div class=\"elementor-widget-wrap elementor-element-populated\">\n\t\t\t\t\t\t<div class=\"elementor-element elementor-element-dfbe3bb elementor-widget elementor-widget-heading\" data-id=\"dfbe3bb\" data-element_type=\"widget\" data-settings=\"{&quot;ekit_we_effect_on&quot;:&quot;none&quot;}\" data-widget_type=\"heading.default\">\n\t\t\t\t<div class=\"elementor-widget-container\">\n\t\t\t\t\t<h3 class=\"elementor-heading-title elementor-size-default\">Gi\u1edbi thi\u1ec7u kh\u00e1ch h\u00e0ng<\/h3>\t\t\t\t<\/div>\n\t\t\t\t<\/div>\n\t\t\t\t<div class=\"elementor-element elementor-element-e16fc5e elementor-widget elementor-widget-text-editor\" data-id=\"e16fc5e\" data-element_type=\"widget\" data-settings=\"{&quot;ekit_we_effect_on&quot;:&quot;none&quot;}\" data-widget_type=\"text-editor.default\">\n\t\t\t\t<div class=\"elementor-widget-container\">\n\t\t\t\t\t\t\t\t\t<p>C\u00f4ng ty Paiho \u0110\u00e0i Loan \u0111\u01b0\u1ee3c th\u00e0nh l\u1eadp n\u0103m 1979\uff0cv\u1edbi \u0111ai kh\u00f3a d\u00e1n hi\u1ec7u Trihook \u0111\u01b0\u1ee3c bi\u1ebft \u0111\u1ebfn tr\u00ean to\u00e0n th\u1ebf gi\u1edbi. Hi\u1ec7n nay \u0111\u00e3 c\u00f3 \u0111\u1ebfn 20 th\u01b0\u01a1ng hi\u1ec7u gi\u00e0y th\u1ec3 thao h\u00e0ng \u0111\u1ea7u th\u1ebf gi\u1edbi l\u00e0 kh\u00e1ch h\u00e0ng c\u1ee7a Paiho \u0110\u00e0i Loan\u3002<\/p><p>T\u1eadp \u0111o\u00e0n Paiho c\u00f3 b\u1ec1 d\u00e0y kinh nghi\u1ec7m trong vi\u1ec7c s\u1ea3n xu\u1ea5t v\u1eadt li\u1ec7u trong ng\u00e0nh gi\u00e0y d\u00e9p, may m\u1eb7c v\u00e0 y t\u1ebf. Hi\u1ec7n t\u1ea1i, t\u1eadp \u0111o\u00e0n n\u00e0y c\u00f3 c\u00e1c c\u01a1 s\u1edf s\u1ea3n xu\u1ea5t t\u1ea1i \u0110\u00e0i Loan, V\u00f4 T\u00edch -\u0110\u00f4ng Ho\u1ea3n Trung Qu\u1ed1c, Vi\u1ec7t Nam v\u00e0 Indonesia.<\/p><p>Thi\u1ebft l\u1eadp v\u0103n ph\u00f2ng kinh doanh, kho h\u00e0ng \u1edf California v\u00e0 Portland- Hoa K\u1ef3. Cung c\u1ea5p c\u00e1c v\u1eadt li\u1ec7u c\u1ea7n thi\u1ebft cho ng\u00e0nh: \u0111ai kh\u00f3a d\u00e1n, \u0111ai thun, \u0111ai d\u1ec7t, d\u00e2y gi\u00e0y, v\u1eadt li\u1ec7u ph\u1ea3n quang, nh\u00e3n hi\u1ec7u 2D \/ 3D, gia c\u00f4ng ph\u1ed1i li\u1ec7u, m\u00f3c \u00e9p, s\u1ea3n ph\u1ea9m than tre, v.v.<\/p>\t\t\t\t\t\t\t\t<\/div>\n\t\t\t\t<\/div>\n\t\t\t\t\t<\/div>\n\t\t<\/div>\n\t\t\t\t\t<\/div>\n\t\t<\/section>\n\t\t\t\t<section data-particle_enable=\"false\" data-particle-mobile-disabled=\"false\" class=\"elementor-section elementor-top-section elementor-element elementor-element-df22857 elementor-section-boxed elementor-section-height-default elementor-section-height-default\" data-id=\"df22857\" data-element_type=\"section\" data-settings=\"{&quot;_ha_eqh_enable&quot;:false,&quot;ekit_has_onepagescroll_dot&quot;:&quot;yes&quot;}\">\n\t\t\t\t\t\t<div class=\"elementor-container elementor-column-gap-default\">\n\t\t\t\t\t<div class=\"elementor-column elementor-col-100 elementor-top-column elementor-element elementor-element-e816941\" data-id=\"e816941\" data-element_type=\"column\">\n\t\t\t<div class=\"elementor-widget-wrap elementor-element-populated\">\n\t\t\t\t\t\t<div class=\"elementor-element elementor-element-fa42019 elementor-widget elementor-widget-heading\" data-id=\"fa42019\" data-element_type=\"widget\" data-settings=\"{&quot;ekit_we_effect_on&quot;:&quot;none&quot;}\" data-widget_type=\"heading.default\">\n\t\t\t\t<div class=\"elementor-widget-container\">\n\t\t\t\t\t<h3 class=\"elementor-heading-title elementor-size-default\">B\u1ed1i c\u1ea3nh<\/h3>\t\t\t\t<\/div>\n\t\t\t\t<\/div>\n\t\t\t\t<div class=\"elementor-element elementor-element-64ce9ce elementor-widget elementor-widget-text-editor\" data-id=\"64ce9ce\" data-element_type=\"widget\" data-settings=\"{&quot;ekit_we_effect_on&quot;:&quot;none&quot;}\" data-widget_type=\"text-editor.default\">\n\t\t\t\t<div class=\"elementor-widget-container\">\n\t\t\t\t\t\t\t\t\t<p>Paiho gia nh\u1eadp th\u1ecb tr\u01b0\u1eddng \u0110\u00f4ng Nam \u00c1 n\u0103m 1999 v\u00e0 th\u00e0nh l\u1eadp nh\u00e0 m\u00e1y \u0111\u1ea7u ti\u00ean t\u1ea1i qu\u1eadn B\u00ecnh T\u00e2n, TP.HCM,  Vi\u1ec7t Nam. Trong s\u1ed1 \u0111\u00f3 c\u00f3 10 thang m\u00e1y \u0111\u00e3 qua s\u1eed d\u1ee5ng h\u01a1n ch\u1ee5c n\u0103m n\u00ean c\u00e1c b\u1ed9 ph\u1eadn trong h\u1ed9p s\u1ed1 \u0111\u00e3 b\u1ecb m\u00e0i m\u00f2n v\u00e0 ph\u00e1t ra ti\u1ebfng \u1ed3n.<\/p><p>Do kh\u00f4ng c\u00f3 t\u00e0i li\u1ec7u k\u1ef9 thu\u1eadt, h\u1ec7 th\u1ed1ng d\u00e2y \u0111i\u1ec7n ch\u1eb1ng ch\u1ecbt , kh\u00f4ng th\u1ec3 t\u00ecm \u0111\u01b0\u1ee3c h\u1ed7 tr\u1ee3 k\u1ef9 thu\u1eadt t\u1eeb nh\u00e0 s\u1ea3n xu\u1ea5t ban \u0111\u1ea7u, c\u0169ng nh\u01b0 thay th\u1ebf c\u00e1c b\u1ed9 ph\u1eadn \u0111\u00e3 l\u1ed7i th\u1eddi, do \u0111\u00f3 m\u1ed9t khi thang m\u00e1y h\u1ecfng h\u00f3c s\u1ebd r\u1ea5t kh\u00f3 th\u1ef1c hi\u1ec7n c\u00f4ng vi\u1ec7c s\u1eeda ch\u1eefa. N\u1ebfu h\u1ecfng h\u00f3c l\u00e0 do c\u00e1c y\u1ebfu t\u1ed1 li\u00ean quan \u0111\u1ebfn h\u1ec7 th\u1ed1ng \u0111i\u1ec7n g\u00e2y ra th\u00ec c\u0103n b\u1ea3n  kh\u00f4ng th\u1ec3 x\u00e1c \u0111\u1ecbnh \u0111\u01b0\u1ee3c nguy\u00ean nh\u00e2n g\u1ed1c r\u1ec5 c\u1ee7a s\u1ef1 c\u1ed1.<\/p>\t\t\t\t\t\t\t\t<\/div>\n\t\t\t\t<\/div>\n\t\t\t\t\t<\/div>\n\t\t<\/div>\n\t\t\t\t\t<\/div>\n\t\t<\/section>\n\t\t\t\t<section data-particle_enable=\"false\" data-particle-mobile-disabled=\"false\" class=\"elementor-section elementor-top-section elementor-element elementor-element-a0d160d elementor-section-boxed elementor-section-height-default elementor-section-height-default\" data-id=\"a0d160d\" data-element_type=\"section\" data-settings=\"{&quot;_ha_eqh_enable&quot;:false,&quot;ekit_has_onepagescroll_dot&quot;:&quot;yes&quot;}\">\n\t\t\t\t\t\t<div class=\"elementor-container elementor-column-gap-default\">\n\t\t\t\t\t<div class=\"elementor-column elementor-col-100 elementor-top-column elementor-element elementor-element-c393a68\" data-id=\"c393a68\" data-element_type=\"column\">\n\t\t\t<div class=\"elementor-widget-wrap elementor-element-populated\">\n\t\t\t\t\t\t<div class=\"elementor-element elementor-element-4c53225 elementor-widget elementor-widget-heading\" data-id=\"4c53225\" data-element_type=\"widget\" data-settings=\"{&quot;ekit_we_effect_on&quot;:&quot;none&quot;}\" data-widget_type=\"heading.default\">\n\t\t\t\t<div class=\"elementor-widget-container\">\n\t\t\t\t\t<h3 class=\"elementor-heading-title elementor-size-default\">Ph\u01b0\u01a1ng \u00e1n<\/h3>\t\t\t\t<\/div>\n\t\t\t\t<\/div>\n\t\t\t\t<div class=\"elementor-element elementor-element-3987776 elementor-widget elementor-widget-text-editor\" data-id=\"3987776\" data-element_type=\"widget\" data-settings=\"{&quot;ekit_we_effect_on&quot;:&quot;none&quot;}\" data-widget_type=\"text-editor.default\">\n\t\t\t\t<div class=\"elementor-widget-container\">\n\t\t\t\t\t\t\t\t\t<p>V\u1edbi \u0111\u1ed9ng c\u01a1 m\u00e1y k\u00e9o v\u0129nh c\u1eedu kh\u00f4ng h\u1ed9p s\u1ed1 Nidec-KDS, thay th\u1ebf b\u1eb1ng \u0111\u1ed9ng c\u01a1 kh\u00f4ng \u0111\u1ed3ng b\u1ed9 truy\u1ec1n th\u1ed1ng c\u00f3 h\u1ed9p s\u1ed1<br \/>H\u1ec7 th\u1ed1ng \u0111i\u1ec1u khi\u1ec3n \u0111\u01b0\u1ee3c n\u00e2ng c\u1ea5p s\u1eed d\u1ee5ng bo m\u1ea1ch \u0111i\u1ec1u khi\u1ec3n Jinlix t\u00edch h\u1ee3p v\u1edbi bi\u1ebfn t\u1ea7n Yaskawa<br \/>Thay m\u1edbi to\u00e0n b\u1ed9 t\u1ee7 \u0111i\u1ec7n \u0111i\u1ec1u khi\u1ec3n, \u0111i d\u00e2y g\u1ecdn g\u00e0ng, \u0111\u00e1nh d\u1ea5u c\u1ee5 th\u1ec3 c\u00e1c \u0111\u01b0\u1eddng d\u00e2y<\/p>\t\t\t\t\t\t\t\t<\/div>\n\t\t\t\t<\/div>\n\t\t\t\t\t<\/div>\n\t\t<\/div>\n\t\t\t\t\t<\/div>\n\t\t<\/section>\n\t\t\t\t<section data-particle_enable=\"false\" data-particle-mobile-disabled=\"false\" class=\"elementor-section elementor-top-section elementor-element elementor-element-e052b6b elementor-section-boxed elementor-section-height-default elementor-section-height-default\" data-id=\"e052b6b\" data-element_type=\"section\" data-settings=\"{&quot;_ha_eqh_enable&quot;:false,&quot;ekit_has_onepagescroll_dot&quot;:&quot;yes&quot;}\">\n\t\t\t\t\t\t<div class=\"elementor-container elementor-column-gap-default\">\n\t\t\t\t\t<div class=\"elementor-column elementor-col-100 elementor-top-column elementor-element elementor-element-4a22355\" data-id=\"4a22355\" data-element_type=\"column\">\n\t\t\t<div class=\"elementor-widget-wrap elementor-element-populated\">\n\t\t\t\t\t\t<div class=\"elementor-element elementor-element-e3b10a9 elementor-widget elementor-widget-heading\" data-id=\"e3b10a9\" data-element_type=\"widget\" data-settings=\"{&quot;ekit_we_effect_on&quot;:&quot;none&quot;}\" data-widget_type=\"heading.default\">\n\t\t\t\t<div class=\"elementor-widget-container\">\n\t\t\t\t\t<h3 class=\"elementor-heading-title elementor-size-default\">\u01afu \u0111i\u1ec3m<\/h3>\t\t\t\t<\/div>\n\t\t\t\t<\/div>\n\t\t\t\t<div class=\"elementor-element elementor-element-be725a2 elementor-widget elementor-widget-text-editor\" data-id=\"be725a2\" data-element_type=\"widget\" data-settings=\"{&quot;ekit_we_effect_on&quot;:&quot;none&quot;}\" data-widget_type=\"text-editor.default\">\n\t\t\t\t<div class=\"elementor-widget-container\">\n\t\t\t\t\t\t\t\t\t<p>\u0110\u1ed9 rung th\u1ea5p, ho\u1ea1t \u0111\u1ed9ng \u00eam \u00e1i<br \/>B\u1ed9 b\u1ea3o v\u1ec7 v\u01b0\u1ee3t t\u1ed1c gi\u00fap m\u00e1y k\u00e9o c\u00e0ng an to\u00e0n h\u01a1n<br \/>Hi\u1ec7u su\u1ea5t truy\u1ec1n \u0111\u1ed9ng m\u00e1y k\u00e9o n\u00e2ng cao 20%\uff5e30%\uff0cti\u1ebft ki\u1ec7m n\u0103ng l\u01b0\u1ee3ng<br \/>D\u1eebng t\u1ea7ng ch\u00ednh x\u00e1c<br \/>Tr\u1ee5c m\u00e1y k\u00e9o kh\u00f4ng b\u1ecb m\u00e0i m\u00f2n, n\u00e2ng cao tu\u1ed5i th\u1ecd s\u1eed d\u1ee5ng<br \/>Kh\u00f4ng c\u1ea7n \u0111\u1ecbnh k\u1ef3 thay nh\u1edbt cho m\u00e1y k\u00e9o, kh\u00f4ng c\u00f3 v\u1ea5n \u0111\u1ec1 r\u00f2 nh\u1edbt, s\u1eeda ch\u1eefa d\u1ec5 d\u00e0ng<br \/>H\u1ec7 th\u1ed1ng li\u00ean l\u1ea1c \u1ed5n \u0111\u1ecbnh, li\u1ec1n m\u1ea1ch, t\u1ef7 l\u1ec7 h\u1ecfng h\u00f3c ph\u1ea7n \u0111i\u1ec7n th\u1ea5p<br \/>L\u1ecbch s\u1eed ho\u1ea1t \u0111\u1ed9ng \u01b0u vi\u1ec7t d\u1ec5 d\u00e0ng theo d\u00f5i v\u00e0 ph\u00e2n t\u00edch \u1ee9ng d\u1ee5ng<br \/>V\u1eadt t\u01b0, thi\u1ebft b\u1ecb c\u0169 n\u1ebfu t\u00ednh n\u0103ng \u0111\u1ea3m b\u1ea3o c\u00f3 th\u1ec3  \u0111\u01b0\u1ee3c th\u00e1o ra \u0111\u1ec3 t\u00e1i s\u1eed d\u1ee5ng d\u1ef1 ph\u00f2ng cho c\u00e1c thang m\u00e1y hi\u1ec7n h\u1eefu ch\u01b0a \u0111\u01b0\u1ee3c c\u1ea3i t\u1ea1o<\/p>\t\t\t\t\t\t\t\t<\/div>\n\t\t\t\t<\/div>\n\t\t\t\t\t<\/div>\n\t\t<\/div>\n\t\t\t\t\t<\/div>\n\t\t<\/section>\n\t\t\t\t<section data-particle_enable=\"false\" data-particle-mobile-disabled=\"false\" class=\"elementor-section elementor-top-section elementor-element elementor-element-5937abe elementor-section-boxed elementor-section-height-default elementor-section-height-default\" data-id=\"5937abe\" data-element_type=\"section\" data-settings=\"{&quot;_ha_eqh_enable&quot;:false,&quot;ekit_has_onepagescroll_dot&quot;:&quot;yes&quot;}\">\n\t\t\t\t\t\t<div class=\"elementor-container elementor-column-gap-default\">\n\t\t\t\t\t<div class=\"elementor-column elementor-col-100 elementor-top-column elementor-element elementor-element-0cc07ad\" data-id=\"0cc07ad\" data-element_type=\"column\">\n\t\t\t<div class=\"elementor-widget-wrap elementor-element-populated\">\n\t\t\t\t\t\t<div class=\"elementor-element elementor-element-2b6248f elementor-widget elementor-widget-heading\" data-id=\"2b6248f\" data-element_type=\"widget\" data-settings=\"{&quot;ekit_we_effect_on&quot;:&quot;none&quot;}\" data-widget_type=\"heading.default\">\n\t\t\t\t<div class=\"elementor-widget-container\">\n\t\t\t\t\t<h3 class=\"elementor-heading-title elementor-size-default\">H\u00ecnh \u1ea3nh<\/h3>\t\t\t\t<\/div>\n\t\t\t\t<\/div>\n\t\t\t\t<div class=\"elementor-element elementor-element-b7402cb elementor-widget elementor-widget-spacer\" data-id=\"b7402cb\" data-element_type=\"widget\" data-settings=\"{&quot;ekit_we_effect_on&quot;:&quot;none&quot;}\" data-widget_type=\"spacer.default\">\n\t\t\t\t<div class=\"elementor-widget-container\">\n\t\t\t\t\t\t\t<div class=\"elementor-spacer\">\n\t\t\t<div class=\"elementor-spacer-inner\"><\/div>\n\t\t<\/div>\n\t\t\t\t\t\t<\/div>\n\t\t\t\t<\/div>\n\t\t\t\t<div class=\"elementor-element elementor-element-2497d65 elementor-skin-coverflow elementor-arrows-yes elementor-pagination-type-bullets elementor-pagination-position-outside elementor-widget elementor-widget-media-carousel\" data-id=\"2497d65\" data-element_type=\"widget\" data-settings=\"{&quot;skin&quot;:&quot;coverflow&quot;,&quot;show_arrows&quot;:&quot;yes&quot;,&quot;pagination&quot;:&quot;bullets&quot;,&quot;speed&quot;:500,&quot;autoplay&quot;:&quot;yes&quot;,&quot;autoplay_speed&quot;:5000,&quot;loop&quot;:&quot;yes&quot;,&quot;pause_on_hover&quot;:&quot;yes&quot;,&quot;pause_on_interaction&quot;:&quot;yes&quot;,&quot;space_between&quot;:{&quot;unit&quot;:&quot;px&quot;,&quot;size&quot;:10,&quot;sizes&quot;:[]},&quot;space_between_tablet&quot;:{&quot;unit&quot;:&quot;px&quot;,&quot;size&quot;:10,&quot;sizes&quot;:[]},&quot;space_between_mobile&quot;:{&quot;unit&quot;:&quot;px&quot;,&quot;size&quot;:10,&quot;sizes&quot;:[]},&quot;ekit_we_effect_on&quot;:&quot;none&quot;}\" data-widget_type=\"media-carousel.default\">\n\t\t\t\t<div class=\"elementor-widget-container\">\n\t\t\t\t\t\t\t\t\t<div class=\"elementor-swiper\">\r\n\t\t\t\t\t<div class=\"elementor-main-swiper swiper\" role=\"region\" aria-roledescription=\"carousel\" aria-label=\"Slides\" data-no-translation-aria-label=\"\">\r\n\t\t\t\t<div class=\"swiper-wrapper\">\r\n\t\t\t\t\t\t\t\t\t\t\t<div class=\"swiper-slide\" role=\"group\" aria-roledescription=\"slide\">\r\n\t\t\t\t\t\t\t<a href=\"https:\/\/yiomau-mechanical.com\/wp-content\/uploads\/2022\/04\/machine-room_after.jpg\" data-elementor-open-lightbox=\"yes\" data-elementor-lightbox-slideshow=\"2497d65\" data-elementor-lightbox-title=\"machine room_after\" data-e-action-hash=\"#elementor-action%3Aaction%3Dlightbox%26settings%3DeyJpZCI6MTE1NTEsInVybCI6Imh0dHBzOlwvXC95aW9tYXUtbWVjaGFuaWNhbC5jb21cL3dwLWNvbnRlbnRcL3VwbG9hZHNcLzIwMjJcLzA0XC9tYWNoaW5lLXJvb21fYWZ0ZXIuanBnIiwic2xpZGVzaG93IjoiMjQ5N2Q2NSJ9\">\t\t<div class=\"elementor-carousel-image\" role=\"img\" aria-label=\"machine room_after\" style=\"background-image: url(&#039;https:\/\/yiomau-mechanical.com\/wp-content\/uploads\/2022\/04\/machine-room_after.jpg&#039;)\">\r\n\r\n\t\t\t\r\n\t\t\t\t\t<\/div>\r\n\t\t<\/a>\t\t\t\t\t\t<\/div>\r\n\t\t\t\t\t\t\t\t\t\t\t<div class=\"swiper-slide\" role=\"group\" aria-roledescription=\"slide\">\r\n\t\t\t\t\t\t\t<a href=\"https:\/\/yiomau-mechanical.com\/wp-content\/uploads\/2022\/04\/main-control-box_after-2.png\" data-elementor-open-lightbox=\"yes\" data-elementor-lightbox-slideshow=\"2497d65\" data-elementor-lightbox-title=\"main control box_after\" data-e-action-hash=\"#elementor-action%3Aaction%3Dlightbox%26settings%3DeyJpZCI6MTE5NjEsInVybCI6Imh0dHBzOlwvXC95aW9tYXUtbWVjaGFuaWNhbC5jb21cL3dwLWNvbnRlbnRcL3VwbG9hZHNcLzIwMjJcLzA0XC9tYWluLWNvbnRyb2wtYm94X2FmdGVyLTIucG5nIiwic2xpZGVzaG93IjoiMjQ5N2Q2NSJ9\">\t\t<div class=\"elementor-carousel-image\" role=\"img\" aria-label=\"main control box_after\" style=\"background-image: url(&#039;https:\/\/yiomau-mechanical.com\/wp-content\/uploads\/2022\/04\/main-control-box_after-2.png&#039;)\">\r\n\r\n\t\t\t\r\n\t\t\t\t\t<\/div>\r\n\t\t<\/a>\t\t\t\t\t\t<\/div>\r\n\t\t\t\t\t\t\t\t\t\t\t<div class=\"swiper-slide\" role=\"group\" aria-roledescription=\"slide\">\r\n\t\t\t\t\t\t\t<a href=\"https:\/\/yiomau-mechanical.com\/wp-content\/uploads\/2022\/04\/traction-machine_after-2.png\" data-elementor-open-lightbox=\"yes\" data-elementor-lightbox-slideshow=\"2497d65\" data-elementor-lightbox-title=\"traction machine_after\" data-e-action-hash=\"#elementor-action%3Aaction%3Dlightbox%26settings%3DeyJpZCI6MTE5NjAsInVybCI6Imh0dHBzOlwvXC95aW9tYXUtbWVjaGFuaWNhbC5jb21cL3dwLWNvbnRlbnRcL3VwbG9hZHNcLzIwMjJcLzA0XC90cmFjdGlvbi1tYWNoaW5lX2FmdGVyLTIucG5nIiwic2xpZGVzaG93IjoiMjQ5N2Q2NSJ9\">\t\t<div class=\"elementor-carousel-image\" role=\"img\" aria-label=\"traction machine_after\" style=\"background-image: url(&#039;https:\/\/yiomau-mechanical.com\/wp-content\/uploads\/2022\/04\/traction-machine_after-2.png&#039;)\">\r\n\r\n\t\t\t\r\n\t\t\t\t\t<\/div>\r\n\t\t<\/a>\t\t\t\t\t\t<\/div>\r\n\t\t\t\t\t\t\t\t\t<\/div>\r\n\t\t\t\t\t\t\t\t\t\t\t\t\t\t\t<div class=\"elementor-swiper-button elementor-swiper-button-prev\" role=\"button\" tabindex=\"0\" aria-label=\"Previous\" data-no-translation-aria-label=\"\">\r\n\t\t\t\t\t\t\t<i aria-hidden=\"true\" class=\"eicon-chevron-left\"><\/i>\t\t\t\t\t\t<\/div>\r\n\t\t\t\t\t\t<div class=\"elementor-swiper-button elementor-swiper-button-next\" role=\"button\" tabindex=\"0\" aria-label=\"Next\" data-no-translation-aria-label=\"\">\r\n\t\t\t\t\t\t\t<i aria-hidden=\"true\" class=\"eicon-chevron-right\"><\/i>\t\t\t\t\t\t<\/div>\r\n\t\t\t\t\t\t\t\t\t\t\t\t\t\t\t\t<div class=\"swiper-pagination\"><\/div>\r\n\t\t\t\t\t\t\t\t\t\t\t\t<\/div>\r\n\t\t\t\t<\/div>\r\n\t\t\t\t\t\t\t\t<\/div>\n\t\t\t\t<\/div>\n\t\t\t\t\t<\/div>\n\t\t<\/div>\n\t\t\t\t\t<\/div>\n\t\t<\/section>\n\t\t\t\t<\/div>","protected":false},"excerpt":{"rendered":"<p>Vietnam Pai HoRetrofit freight elevators Home Customer Founded in 1979, Taiwan Paiho Limited have gained global recognition for&#8230;<\/p>","protected":false},"author":1,"featured_media":0,"parent":10510,"menu_order":0,"comment_status":"closed","ping_status":"closed","template":"elementor_canvas","meta":{"footnotes":""},"class_list":["post-11548","page","type-page","status-publish","hentry"],"_links":{"self":[{"href":"https:\/\/yiomau-mechanical.com\/vn\/wp-json\/wp\/v2\/pages\/11548","targetHints":{"allow":["GET"]}}],"collection":[{"href":"https:\/\/yiomau-mechanical.com\/vn\/wp-json\/wp\/v2\/pages"}],"about":[{"href":"https:\/\/yiomau-mechanical.com\/vn\/wp-json\/wp\/v2\/types\/page"}],"author":[{"embeddable":true,"href":"https:\/\/yiomau-mechanical.com\/vn\/wp-json\/wp\/v2\/users\/1"}],"replies":[{"embeddable":true,"href":"https:\/\/yiomau-mechanical.com\/vn\/wp-json\/wp\/v2\/comments?post=11548"}],"version-history":[{"count":3,"href":"https:\/\/yiomau-mechanical.com\/vn\/wp-json\/wp\/v2\/pages\/11548\/revisions"}],"predecessor-version":[{"id":16051,"href":"https:\/\/yiomau-mechanical.com\/vn\/wp-json\/wp\/v2\/pages\/11548\/revisions\/16051"}],"up":[{"embeddable":true,"href":"https:\/\/yiomau-mechanical.com\/vn\/wp-json\/wp\/v2\/pages\/10510"}],"wp:attachment":[{"href":"https:\/\/yiomau-mechanical.com\/vn\/wp-json\/wp\/v2\/media?parent=11548"}],"curies":[{"name":"wp","href":"https:\/\/api.w.org\/{rel}","templated":true}]}}